{"id":873,"date":"2024-04-24T17:34:13","date_gmt":"2024-04-24T14:34:13","guid":{"rendered":"https:\/\/zublick.com\/politica-de-privacidade\/"},"modified":"2025-04-07T17:19:45","modified_gmt":"2025-04-07T14:19:45","slug":"politica-de-privacidade","status":"publish","type":"page","link":"https:\/\/zublick.com\/pt-pt\/politica-de-privacidade\/","title":{"rendered":"Pol\u00edtica de privacidade"},"content":{"rendered":"\n<p><strong>Pol\u00edtica de Privacidade<\/strong><\/p>\n\n\n\n<p>Esta Pol\u00edtica de Privacidade descreve como suas informa\u00e7\u00f5es pessoais s\u00e3o coletadas, usadas e compartilhadas quando voc\u00ea visita ou faz uma compra em <a class=\"\" href=\"https:\/\/zublick.com\/\">https:\/\/zublick.com\/<\/a> (doravante, o \u201cSite\u201d).<\/p>\n\n\n\n<h3 class=\"wp-block-heading\">Informa\u00e7\u00f5es que Coletamos<\/h3>\n\n\n\n<p>Ao visitar o Site, coletamos automaticamente certas informa\u00e7\u00f5es sobre seu dispositivo, incluindo detalhes sobre seu navegador, endere\u00e7o IP, fuso hor\u00e1rio e alguns cookies instalados em seu dispositivo. Tamb\u00e9m coletamos informa\u00e7\u00f5es sobre as p\u00e1ginas que voc\u00ea visita, os produtos visualizados, os termos de busca que o direcionaram ao Site e como voc\u00ea interage com o Site. Chamamos isso de \u201cInforma\u00e7\u00f5es do Dispositivo\u201d.<\/p>\n\n\n\n<p>Coletamos essas informa\u00e7\u00f5es por meio das seguintes tecnologias:<\/p>\n\n\n\n<ul class=\"wp-block-list\">\n<li><strong>Cookies<\/strong>: Utilizamos cookies para reconhecer seu navegador, rastrear sua intera\u00e7\u00e3o com o Site e melhorar sua experi\u00eancia. Alguns cookies podem incluir identificadores de sess\u00e3o, contadores de visitas, armazenamento do carrinho de compras e outros que permitem funcionalidades b\u00e1sicas do Site.<\/li>\n\n\n\n<li>Tamb\u00e9m utilizamos <strong>arquivos de log<\/strong>, <strong>web beacons<\/strong>, <strong>tags<\/strong> e <strong>pixels<\/strong>. Esses arquivos eletr\u00f4nicos registram informa\u00e7\u00f5es sobre como voc\u00ea navega pelo Site, incluindo endere\u00e7o IP, tipo de navegador, provedor de servi\u00e7os de Internet, p\u00e1ginas de entrada e sa\u00edda e registros de data\/hora.<\/li>\n<\/ul>\n\n\n\n<h3 class=\"wp-block-heading\">Informa\u00e7\u00f5es do Pedido<\/h3>\n\n\n\n<p>Quando voc\u00ea realiza ou tenta realizar uma compra no Site, coletamos informa\u00e7\u00f5es como seu nome, endere\u00e7o de cobran\u00e7a e envio, e-mail, n\u00famero de telefone e dados de pagamento. No caso de pagamentos por transfer\u00eancia banc\u00e1ria, coletamos apenas os dados necess\u00e1rios para processar o pagamento (como nome do titular, nome da empresa, refer\u00eancia de pagamento e outros dados necess\u00e1rios), mas n\u00e3o armazenamos diretamente dados sens\u00edveis como n\u00famero da conta ou IBAN. Essas informa\u00e7\u00f5es ser\u00e3o fornecidas diretamente ao cliente ap\u00f3s a confirma\u00e7\u00e3o do pedido e n\u00e3o s\u00e3o coletadas ou armazenadas atrav\u00e9s do Site.<\/p>\n\n\n\n<h3 class=\"wp-block-heading\">Como Usamos suas Informa\u00e7\u00f5es<\/h3>\n\n\n\n<p>Usamos as informa\u00e7\u00f5es do pedido para processar os pedidos realizados no Site, incluindo o processamento de pagamentos, envio e entrega de confirma\u00e7\u00f5es. Tamb\u00e9m utilizamos essas informa\u00e7\u00f5es para:<\/p>\n\n\n\n<ul class=\"wp-block-list\">\n<li>Comunicar com voc\u00ea;<\/li>\n\n\n\n<li>Identificar poss\u00edveis fraudes ou riscos;<\/li>\n\n\n\n<li>Fornecer informa\u00e7\u00f5es ou publicidade sobre nossos produtos ou servi\u00e7os, conforme suas prefer\u00eancias.<\/li>\n<\/ul>\n\n\n\n<p>Usamos as informa\u00e7\u00f5es do dispositivo para ajudar a identificar riscos potenciais (especialmente fraude) e para melhorar e otimizar o Site, como atrav\u00e9s de an\u00e1lises de navega\u00e7\u00e3o, gera\u00e7\u00e3o de estat\u00edsticas internas e avalia\u00e7\u00e3o da efic\u00e1cia de nossas campanhas de marketing.<\/p>\n\n\n\n<h3 class=\"wp-block-heading\">Compartilhamento de Informa\u00e7\u00f5es Pessoais<\/h3>\n\n\n\n<p>Compartilhamos suas informa\u00e7\u00f5es com terceiros que nos ajudam a operar o Site e prestar nossos servi\u00e7os, sempre sob as condi\u00e7\u00f5es legais apropriadas.<\/p>\n\n\n\n<p>Utilizamos <strong>Google Analytics<\/strong> e <strong>Google Ads<\/strong> para analisar o comportamento dos usu\u00e1rios e oferecer publicidade direcionada. Saiba mais sobre como o Google usa suas informa\u00e7\u00f5es pessoais em: <a class=\"\" href=\"https:\/\/policies.google.com\/privacy\">https:\/\/policies.google.com\/privacy<\/a> e voc\u00ea pode desativar em <a class=\"\" href=\"https:\/\/tools.google.com\/dlpage\/gaoptout\">https:\/\/tools.google.com\/dlpage\/gaoptout<\/a><\/p>\n\n\n\n<p>Tamb\u00e9m utilizamos o <strong>Pixel do Meta\/Facebook<\/strong> para medir a efic\u00e1cia de nossas campanhas em redes sociais e mostrar an\u00fancios personalizados. Mais informa\u00e7\u00f5es em <a class=\"\" href=\"https:\/\/www.facebook.com\/privacy\/policy\">https:\/\/www.facebook.com\/privacy\/policy<\/a>. Voc\u00ea pode ajustar suas prefer\u00eancias de an\u00fancios no Facebook em: <a class=\"\" href=\"https:\/\/www.facebook.com\/settings\/?tab=ads\">https:\/\/www.facebook.com\/settings\/?tab=ads<\/a><\/p>\n\n\n\n<p>Voc\u00ea tamb\u00e9m pode optar por n\u00e3o receber publicidade baseada em interesses atrav\u00e9s do portal da Digital Advertising Alliance: <a class=\"\" href=\"http:\/\/optout.aboutads.info\/\">http:\/\/optout.aboutads.info\/<\/a><\/p>\n\n\n\n<p>N\u00e3o alteramos nossas pr\u00e1ticas de coleta ou uso de dados quando recebemos sinais de &#8220;N\u00e3o rastrear&#8221; do seu navegador.<\/p>\n\n\n\n<h3 class=\"wp-block-heading\">Seus Direitos (Se Voc\u00ea Reside na Europa)<\/h3>\n\n\n\n<p>Se voc\u00ea reside na Europa, tem o direito de acessar seus dados pessoais, solicitar sua retifica\u00e7\u00e3o, exclus\u00e3o ou limita\u00e7\u00e3o de tratamento, se opor ao tratamento e solicitar a portabilidade dos dados. Para exercer esses direitos, entre em contato conosco: <a>info@zublick.com<\/a>. Voc\u00ea tamb\u00e9m pode apresentar uma reclama\u00e7\u00e3o \u00e0 Ag\u00eancia Espanhola de Prote\u00e7\u00e3o de Dados (AEPD): <a class=\"\" href=\"https:\/\/www.aepd.es\">www.aepd.es<\/a><\/p>\n\n\n\n<p>Manteremos suas informa\u00e7\u00f5es de pedido em nossos registros, a menos e at\u00e9 que voc\u00ea solicite sua exclus\u00e3o.<\/p>\n\n\n\n<h3 class=\"wp-block-heading\">Menores de Idade<\/h3>\n\n\n\n<p>O Site n\u00e3o \u00e9 destinado a menores de idade, embora n\u00e3o haja restri\u00e7\u00f5es et\u00e1rias espec\u00edficas.<\/p>\n\n\n\n<h3 class=\"wp-block-heading\">Atualiza\u00e7\u00f5es<\/h3>\n\n\n\n<p>Esta pol\u00edtica pode ser atualizada ocasionalmente para refletir mudan\u00e7as em nossas pr\u00e1ticas, exig\u00eancias legais ou outras raz\u00f5es operacionais.<\/p>\n\n\n\n<h3 class=\"wp-block-heading\">Contato<\/h3>\n\n\n\n<p>Para mais informa\u00e7\u00f5es sobre nossas pr\u00e1ticas de privacidade, d\u00favidas ou reclama\u00e7\u00f5es, entre em contato:<\/p>\n\n\n\n<p><strong>Zublick, S.L.U<\/strong><br>CIF: B56460868<br>Calle Mart\u00ed, num. 97, planta 3, porta 1, 08024, Barcelona, Espanha<br>Telefone: +34 930 474 311<br>Email: <a>info@zublick.com<\/a><br>Site: <a class=\"\" href=\"https:\/\/zublick.com\">https:\/\/zublick.com<\/a><\/p>\n","protected":false},"excerpt":{"rendered":"<p>Pol\u00edtica de Privacidade Esta Pol\u00edtica de Privacidade descreve como suas informa\u00e7\u00f5es pessoais s\u00e3o coletadas, usadas e compartilhadas quando voc\u00ea visita ou faz uma compra em https:\/\/zublick.com\/ (doravante, o \u201cSite\u201d). Informa\u00e7\u00f5es que Coletamos Ao visitar o Site, coletamos automaticamente certas informa\u00e7\u00f5es sobre seu dispositivo, incluindo detalhes sobre seu navegador, endere\u00e7o IP, fuso hor\u00e1rio e alguns cookies [&hellip;]<\/p>\n","protected":false},"author":1,"featured_media":0,"parent":0,"menu_order":0,"comment_status":"closed","ping_status":"closed","template":"page-simple.php","meta":{"_acf_changed":false,"inline_featured_image":false,"footnotes":""},"class_list":["post-873","page","type-page","status-publish","hentry"],"acf":[],"yoast_head":"<!-- This site is optimized with the Yoast SEO plugin v23.9 - https:\/\/yoast.com\/wordpress\/plugins\/seo\/ -->\n<title>Pol\u00edtica de privacidade - Zublick<\/title>\n<meta name=\"robots\" content=\"index, follow, max-snippet:-1, max-image-preview:large, max-video-preview:-1\" \/>\n<link rel=\"canonical\" href=\"https:\/\/zublick.com\/pt-pt\/politica-de-privacidade\/\" \/>\n<meta property=\"og:locale\" content=\"pt_PT\" \/>\n<meta property=\"og:type\" content=\"article\" \/>\n<meta property=\"og:title\" content=\"Pol\u00edtica de privacidade - Zublick\" \/>\n<meta property=\"og:description\" content=\"Pol\u00edtica de Privacidade Esta Pol\u00edtica de Privacidade descreve como suas informa\u00e7\u00f5es pessoais s\u00e3o coletadas, usadas e compartilhadas quando voc\u00ea visita ou faz uma compra em https:\/\/zublick.com\/ (doravante, o \u201cSite\u201d). Informa\u00e7\u00f5es que Coletamos Ao visitar o Site, coletamos automaticamente certas informa\u00e7\u00f5es sobre seu dispositivo, incluindo detalhes sobre seu navegador, endere\u00e7o IP, fuso hor\u00e1rio e alguns cookies [&hellip;]\" \/>\n<meta property=\"og:url\" content=\"https:\/\/zublick.com\/pt-pt\/politica-de-privacidade\/\" \/>\n<meta property=\"og:site_name\" content=\"Zublick\" \/>\n<meta property=\"article:modified_time\" content=\"2025-04-07T14:19:45+00:00\" \/>\n<meta name=\"twitter:card\" content=\"summary_large_image\" \/>\n<meta name=\"twitter:label1\" content=\"Tempo estimado de leitura\" \/>\n\t<meta name=\"twitter:data1\" content=\"3 minutos\" \/>\n<script type=\"application\/ld+json\" class=\"yoast-schema-graph\">{\"@context\":\"https:\/\/schema.org\",\"@graph\":[{\"@type\":\"WebPage\",\"@id\":\"https:\/\/zublick.com\/pt-pt\/politica-de-privacidade\/\",\"url\":\"https:\/\/zublick.com\/pt-pt\/politica-de-privacidade\/\",\"name\":\"Pol\u00edtica de privacidade - Zublick\",\"isPartOf\":{\"@id\":\"https:\/\/zublick.com\/pt-pt\/#website\"},\"datePublished\":\"2024-04-24T14:34:13+00:00\",\"dateModified\":\"2025-04-07T14:19:45+00:00\",\"breadcrumb\":{\"@id\":\"https:\/\/zublick.com\/pt-pt\/politica-de-privacidade\/#breadcrumb\"},\"inLanguage\":\"pt-PT\",\"potentialAction\":[{\"@type\":\"ReadAction\",\"target\":[\"https:\/\/zublick.com\/pt-pt\/politica-de-privacidade\/\"]}]},{\"@type\":\"BreadcrumbList\",\"@id\":\"https:\/\/zublick.com\/pt-pt\/politica-de-privacidade\/#breadcrumb\",\"itemListElement\":[{\"@type\":\"ListItem\",\"position\":1,\"name\":\"Home\",\"item\":\"https:\/\/zublick.com\/pt-pt\/\"},{\"@type\":\"ListItem\",\"position\":2,\"name\":\"Pol\u00edtica de privacidade\"}]},{\"@type\":\"WebSite\",\"@id\":\"https:\/\/zublick.com\/pt-pt\/#website\",\"url\":\"https:\/\/zublick.com\/pt-pt\/\",\"name\":\"Zublick\",\"description\":\"\",\"potentialAction\":[{\"@type\":\"SearchAction\",\"target\":{\"@type\":\"EntryPoint\",\"urlTemplate\":\"https:\/\/zublick.com\/pt-pt\/?s={search_term_string}\"},\"query-input\":{\"@type\":\"PropertyValueSpecification\",\"valueRequired\":true,\"valueName\":\"search_term_string\"}}],\"inLanguage\":\"pt-PT\"}]}<\/script>\n<!-- \/ Yoast SEO plugin. -->","yoast_head_json":{"title":"Pol\u00edtica de privacidade - Zublick","robots":{"index":"index","follow":"follow","max-snippet":"max-snippet:-1","max-image-preview":"max-image-preview:large","max-video-preview":"max-video-preview:-1"},"canonical":"https:\/\/zublick.com\/pt-pt\/politica-de-privacidade\/","og_locale":"pt_PT","og_type":"article","og_title":"Pol\u00edtica de privacidade - Zublick","og_description":"Pol\u00edtica de Privacidade Esta Pol\u00edtica de Privacidade descreve como suas informa\u00e7\u00f5es pessoais s\u00e3o coletadas, usadas e compartilhadas quando voc\u00ea visita ou faz uma compra em https:\/\/zublick.com\/ (doravante, o \u201cSite\u201d). Informa\u00e7\u00f5es que Coletamos Ao visitar o Site, coletamos automaticamente certas informa\u00e7\u00f5es sobre seu dispositivo, incluindo detalhes sobre seu navegador, endere\u00e7o IP, fuso hor\u00e1rio e alguns cookies [&hellip;]","og_url":"https:\/\/zublick.com\/pt-pt\/politica-de-privacidade\/","og_site_name":"Zublick","article_modified_time":"2025-04-07T14:19:45+00:00","twitter_card":"summary_large_image","twitter_misc":{"Tempo estimado de leitura":"3 minutos"},"schema":{"@context":"https:\/\/schema.org","@graph":[{"@type":"WebPage","@id":"https:\/\/zublick.com\/pt-pt\/politica-de-privacidade\/","url":"https:\/\/zublick.com\/pt-pt\/politica-de-privacidade\/","name":"Pol\u00edtica de privacidade - Zublick","isPartOf":{"@id":"https:\/\/zublick.com\/pt-pt\/#website"},"datePublished":"2024-04-24T14:34:13+00:00","dateModified":"2025-04-07T14:19:45+00:00","breadcrumb":{"@id":"https:\/\/zublick.com\/pt-pt\/politica-de-privacidade\/#breadcrumb"},"inLanguage":"pt-PT","potentialAction":[{"@type":"ReadAction","target":["https:\/\/zublick.com\/pt-pt\/politica-de-privacidade\/"]}]},{"@type":"BreadcrumbList","@id":"https:\/\/zublick.com\/pt-pt\/politica-de-privacidade\/#breadcrumb","itemListElement":[{"@type":"ListItem","position":1,"name":"Home","item":"https:\/\/zublick.com\/pt-pt\/"},{"@type":"ListItem","position":2,"name":"Pol\u00edtica de privacidade"}]},{"@type":"WebSite","@id":"https:\/\/zublick.com\/pt-pt\/#website","url":"https:\/\/zublick.com\/pt-pt\/","name":"Zublick","description":"","potentialAction":[{"@type":"SearchAction","target":{"@type":"EntryPoint","urlTemplate":"https:\/\/zublick.com\/pt-pt\/?s={search_term_string}"},"query-input":{"@type":"PropertyValueSpecification","valueRequired":true,"valueName":"search_term_string"}}],"inLanguage":"pt-PT"}]}},"_links":{"self":[{"href":"https:\/\/zublick.com\/pt-pt\/wp-json\/wp\/v2\/pages\/873","targetHints":{"allow":["GET"]}}],"collection":[{"href":"https:\/\/zublick.com\/pt-pt\/wp-json\/wp\/v2\/pages"}],"about":[{"href":"https:\/\/zublick.com\/pt-pt\/wp-json\/wp\/v2\/types\/page"}],"author":[{"embeddable":true,"href":"https:\/\/zublick.com\/pt-pt\/wp-json\/wp\/v2\/users\/1"}],"replies":[{"embeddable":true,"href":"https:\/\/zublick.com\/pt-pt\/wp-json\/wp\/v2\/comments?post=873"}],"version-history":[{"count":2,"href":"https:\/\/zublick.com\/pt-pt\/wp-json\/wp\/v2\/pages\/873\/revisions"}],"predecessor-version":[{"id":2183,"href":"https:\/\/zublick.com\/pt-pt\/wp-json\/wp\/v2\/pages\/873\/revisions\/2183"}],"wp:attachment":[{"href":"https:\/\/zublick.com\/pt-pt\/wp-json\/wp\/v2\/media?parent=873"}],"curies":[{"name":"wp","href":"https:\/\/api.w.org\/{rel}","templated":true}]}}