{"id":872,"date":"2024-05-07T00:14:58","date_gmt":"2024-05-06T21:14:58","guid":{"rendered":"https:\/\/zublick.com\/os-nossos-parceiros\/"},"modified":"2024-05-16T11:49:05","modified_gmt":"2024-05-16T08:49:05","slug":"os-nossos-parceiros","status":"publish","type":"page","link":"https:\/\/zublick.com\/pt-pt\/os-nossos-parceiros\/","title":{"rendered":"Os nossos parceiros"},"content":{"rendered":"\n<figure class=\"wp-block-table has-small-font-size\"><table><tbody><tr><td rowspan=\"2\"><img loading=\"lazy\" decoding=\"async\" width=\"150\" height=\"150\" class=\"wp-image-286\" style=\"width: 150px;\" src=\"https:\/\/zublick.com\/wp-content\/uploads\/2024\/05\/one.png\" alt=\"\"\/><\/td><td><strong>ELEMENTO UM<\/strong><\/td><\/tr><tr><td><br\/>A empresa alem\u00e3 ELEMENT ONE \u00e9 um fabricante de monitores motorizados. N\u00e3o compromete a qualidade dos materiais utilizados, com um elevado n\u00edvel de execu\u00e7\u00e3o tecnol\u00f3gica e de inova\u00e7\u00e3o. Tudo isto, aliado a uma excelente est\u00e9tica, impulsiona a empresa.<br\/>Orgulhamo-nos de ser pioneiros na tecnologia de salas de reuni\u00e3o atual.<br\/>Recentemente, registaram-se saltos qu\u00e2nticos no desenvolvimento de tecnologias de monitores e equipamentos AV no mercado. Isto representa um desafio para os fabricantes, engenheiros e projectistas. A gama de monitores motorizados da ELEMENT ONE \u00e9 constantemente actualizada com novos produtos que respondem \u00e0s necessidades dos principais clientes do mercado.<br\/>Os clientes podem confiar nas solu\u00e7\u00f5es da empresa e realizar as suas reuni\u00f5es, confer\u00eancias, audi\u00eancias em tribunal, debates parlamentares e sess\u00f5es de congressos de forma ainda mais eficiente.<br\/>www.elementonescreens.com<\/td><\/tr><\/tbody><\/table><\/figure>\n\n<figure class=\"wp-block-table has-small-font-size\"><table><tbody><tr><td rowspan=\"2\"><img loading=\"lazy\" decoding=\"async\" width=\"150\" height=\"67\" class=\"wp-image-287\" style=\"width: 150px;\" src=\"https:\/\/zublick.com\/wp-content\/uploads\/2024\/05\/fa.png\" alt=\"\"\/><\/td><td><strong>AUTOMATIZA\u00c7\u00c3O FUTURA<\/strong><\/td><\/tr><tr><td>A empresa inglesa Future Automation \u00e9 conhecida como fabricante de elevadores e suportes de TV \u00fanicos desde 1998.<br\/>Os elevadores TV s\u00e3o muito utilizados em espa\u00e7os residenciais e comerciais, bem como em hot\u00e9is.<br\/>Uma s\u00e9rie especial de elevadores e suportes resistentes \u00e0s intemp\u00e9ries permite a sua instala\u00e7\u00e3o em iates e barcos ou em espa\u00e7os exteriores.<br\/>A Future Automation \u00e9 l\u00edder em design e engenharia mec\u00e2nica, reconhecida pelos seus produtos da mais alta qualidade em todo o espetro de produ\u00e7\u00e3o, bem como pelo seu estilo elegante e verdadeiramente ingl\u00eas de solu\u00e7\u00f5es t\u00e9cnicas.<br\/>O principal objetivo da empresa \u00e9 fornecer aos integradores de tecnologia solu\u00e7\u00f5es para a desloca\u00e7\u00e3o e oculta\u00e7\u00e3o de televisores, projectores, electrodom\u00e9sticos e equipamentos semelhantes, tanto para fins funcionais como est\u00e9ticos. www.futureautomation.co.uk<\/td><\/tr><\/tbody><\/table><\/figure>\n","protected":false},"excerpt":{"rendered":"<p>ELEMENTO UM A empresa alem\u00e3 ELEMENT ONE \u00e9 um fabricante de monitores motorizados. N\u00e3o compromete a qualidade dos materiais utilizados, com um elevado n\u00edvel de execu\u00e7\u00e3o tecnol\u00f3gica e de inova\u00e7\u00e3o. Tudo isto, aliado a uma excelente est\u00e9tica, impulsiona a empresa.Orgulhamo-nos de ser pioneiros na tecnologia de salas de reuni\u00e3o atual.Recentemente, registaram-se saltos qu\u00e2nticos no desenvolvimento [&hellip;]<\/p>\n","protected":false},"author":1,"featured_media":0,"parent":0,"menu_order":0,"comment_status":"closed","ping_status":"closed","template":"page-simple.php","meta":{"_acf_changed":false,"inline_featured_image":false,"footnotes":""},"class_list":["post-872","page","type-page","status-publish","hentry"],"acf":[],"yoast_head":"<!-- This site is optimized with the Yoast SEO plugin v23.9 - https:\/\/yoast.com\/wordpress\/plugins\/seo\/ -->\n<title>Os nossos parceiros - Zublick<\/title>\n<meta name=\"robots\" content=\"index, follow, max-snippet:-1, max-image-preview:large, max-video-preview:-1\" \/>\n<link rel=\"canonical\" href=\"https:\/\/zublick.com\/pt-pt\/os-nossos-parceiros\/\" \/>\n<meta property=\"og:locale\" content=\"pt_PT\" \/>\n<meta property=\"og:type\" content=\"article\" \/>\n<meta property=\"og:title\" content=\"Os nossos parceiros - Zublick\" \/>\n<meta property=\"og:description\" content=\"ELEMENTO UM A empresa alem\u00e3 ELEMENT ONE \u00e9 um fabricante de monitores motorizados. N\u00e3o compromete a qualidade dos materiais utilizados, com um elevado n\u00edvel de execu\u00e7\u00e3o tecnol\u00f3gica e de inova\u00e7\u00e3o. Tudo isto, aliado a uma excelente est\u00e9tica, impulsiona a empresa.Orgulhamo-nos de ser pioneiros na tecnologia de salas de reuni\u00e3o atual.Recentemente, registaram-se saltos qu\u00e2nticos no desenvolvimento [&hellip;]\" \/>\n<meta property=\"og:url\" content=\"https:\/\/zublick.com\/pt-pt\/os-nossos-parceiros\/\" \/>\n<meta property=\"og:site_name\" content=\"Zublick\" \/>\n<meta property=\"article:modified_time\" content=\"2024-05-16T08:49:05+00:00\" \/>\n<meta property=\"og:image\" content=\"https:\/\/zublick.com\/wp-content\/uploads\/2024\/05\/one.png\" \/>\n<meta name=\"twitter:card\" content=\"summary_large_image\" \/>\n<meta name=\"twitter:label1\" content=\"Tempo estimado de leitura\" \/>\n\t<meta name=\"twitter:data1\" content=\"1 minuto\" \/>\n<script type=\"application\/ld+json\" class=\"yoast-schema-graph\">{\"@context\":\"https:\/\/schema.org\",\"@graph\":[{\"@type\":\"WebPage\",\"@id\":\"https:\/\/zublick.com\/pt-pt\/os-nossos-parceiros\/\",\"url\":\"https:\/\/zublick.com\/pt-pt\/os-nossos-parceiros\/\",\"name\":\"Os nossos parceiros - Zublick\",\"isPartOf\":{\"@id\":\"https:\/\/zublick.com\/pt-pt\/#website\"},\"primaryImageOfPage\":{\"@id\":\"https:\/\/zublick.com\/pt-pt\/os-nossos-parceiros\/#primaryimage\"},\"image\":{\"@id\":\"https:\/\/zublick.com\/pt-pt\/os-nossos-parceiros\/#primaryimage\"},\"thumbnailUrl\":\"https:\/\/zublick.com\/wp-content\/uploads\/2024\/05\/one.png\",\"datePublished\":\"2024-05-06T21:14:58+00:00\",\"dateModified\":\"2024-05-16T08:49:05+00:00\",\"breadcrumb\":{\"@id\":\"https:\/\/zublick.com\/pt-pt\/os-nossos-parceiros\/#breadcrumb\"},\"inLanguage\":\"pt-PT\",\"potentialAction\":[{\"@type\":\"ReadAction\",\"target\":[\"https:\/\/zublick.com\/pt-pt\/os-nossos-parceiros\/\"]}]},{\"@type\":\"ImageObject\",\"inLanguage\":\"pt-PT\",\"@id\":\"https:\/\/zublick.com\/pt-pt\/os-nossos-parceiros\/#primaryimage\",\"url\":\"https:\/\/zublick.com\/wp-content\/uploads\/2024\/05\/one.png\",\"contentUrl\":\"https:\/\/zublick.com\/wp-content\/uploads\/2024\/05\/one.png\"},{\"@type\":\"BreadcrumbList\",\"@id\":\"https:\/\/zublick.com\/pt-pt\/os-nossos-parceiros\/#breadcrumb\",\"itemListElement\":[{\"@type\":\"ListItem\",\"position\":1,\"name\":\"Home\",\"item\":\"https:\/\/zublick.com\/pt-pt\/\"},{\"@type\":\"ListItem\",\"position\":2,\"name\":\"Os nossos parceiros\"}]},{\"@type\":\"WebSite\",\"@id\":\"https:\/\/zublick.com\/pt-pt\/#website\",\"url\":\"https:\/\/zublick.com\/pt-pt\/\",\"name\":\"Zublick\",\"description\":\"\",\"potentialAction\":[{\"@type\":\"SearchAction\",\"target\":{\"@type\":\"EntryPoint\",\"urlTemplate\":\"https:\/\/zublick.com\/pt-pt\/?s={search_term_string}\"},\"query-input\":{\"@type\":\"PropertyValueSpecification\",\"valueRequired\":true,\"valueName\":\"search_term_string\"}}],\"inLanguage\":\"pt-PT\"}]}<\/script>\n<!-- \/ Yoast SEO plugin. -->","yoast_head_json":{"title":"Os nossos parceiros - Zublick","robots":{"index":"index","follow":"follow","max-snippet":"max-snippet:-1","max-image-preview":"max-image-preview:large","max-video-preview":"max-video-preview:-1"},"canonical":"https:\/\/zublick.com\/pt-pt\/os-nossos-parceiros\/","og_locale":"pt_PT","og_type":"article","og_title":"Os nossos parceiros - Zublick","og_description":"ELEMENTO UM A empresa alem\u00e3 ELEMENT ONE \u00e9 um fabricante de monitores motorizados. N\u00e3o compromete a qualidade dos materiais utilizados, com um elevado n\u00edvel de execu\u00e7\u00e3o tecnol\u00f3gica e de inova\u00e7\u00e3o. Tudo isto, aliado a uma excelente est\u00e9tica, impulsiona a empresa.Orgulhamo-nos de ser pioneiros na tecnologia de salas de reuni\u00e3o atual.Recentemente, registaram-se saltos qu\u00e2nticos no desenvolvimento [&hellip;]","og_url":"https:\/\/zublick.com\/pt-pt\/os-nossos-parceiros\/","og_site_name":"Zublick","article_modified_time":"2024-05-16T08:49:05+00:00","og_image":[{"url":"https:\/\/zublick.com\/wp-content\/uploads\/2024\/05\/one.png"}],"twitter_card":"summary_large_image","twitter_misc":{"Tempo estimado de leitura":"1 minuto"},"schema":{"@context":"https:\/\/schema.org","@graph":[{"@type":"WebPage","@id":"https:\/\/zublick.com\/pt-pt\/os-nossos-parceiros\/","url":"https:\/\/zublick.com\/pt-pt\/os-nossos-parceiros\/","name":"Os nossos parceiros - Zublick","isPartOf":{"@id":"https:\/\/zublick.com\/pt-pt\/#website"},"primaryImageOfPage":{"@id":"https:\/\/zublick.com\/pt-pt\/os-nossos-parceiros\/#primaryimage"},"image":{"@id":"https:\/\/zublick.com\/pt-pt\/os-nossos-parceiros\/#primaryimage"},"thumbnailUrl":"https:\/\/zublick.com\/wp-content\/uploads\/2024\/05\/one.png","datePublished":"2024-05-06T21:14:58+00:00","dateModified":"2024-05-16T08:49:05+00:00","breadcrumb":{"@id":"https:\/\/zublick.com\/pt-pt\/os-nossos-parceiros\/#breadcrumb"},"inLanguage":"pt-PT","potentialAction":[{"@type":"ReadAction","target":["https:\/\/zublick.com\/pt-pt\/os-nossos-parceiros\/"]}]},{"@type":"ImageObject","inLanguage":"pt-PT","@id":"https:\/\/zublick.com\/pt-pt\/os-nossos-parceiros\/#primaryimage","url":"https:\/\/zublick.com\/wp-content\/uploads\/2024\/05\/one.png","contentUrl":"https:\/\/zublick.com\/wp-content\/uploads\/2024\/05\/one.png"},{"@type":"BreadcrumbList","@id":"https:\/\/zublick.com\/pt-pt\/os-nossos-parceiros\/#breadcrumb","itemListElement":[{"@type":"ListItem","position":1,"name":"Home","item":"https:\/\/zublick.com\/pt-pt\/"},{"@type":"ListItem","position":2,"name":"Os nossos parceiros"}]},{"@type":"WebSite","@id":"https:\/\/zublick.com\/pt-pt\/#website","url":"https:\/\/zublick.com\/pt-pt\/","name":"Zublick","description":"","potentialAction":[{"@type":"SearchAction","target":{"@type":"EntryPoint","urlTemplate":"https:\/\/zublick.com\/pt-pt\/?s={search_term_string}"},"query-input":{"@type":"PropertyValueSpecification","valueRequired":true,"valueName":"search_term_string"}}],"inLanguage":"pt-PT"}]}},"_links":{"self":[{"href":"https:\/\/zublick.com\/pt-pt\/wp-json\/wp\/v2\/pages\/872","targetHints":{"allow":["GET"]}}],"collection":[{"href":"https:\/\/zublick.com\/pt-pt\/wp-json\/wp\/v2\/pages"}],"about":[{"href":"https:\/\/zublick.com\/pt-pt\/wp-json\/wp\/v2\/types\/page"}],"author":[{"embeddable":true,"href":"https:\/\/zublick.com\/pt-pt\/wp-json\/wp\/v2\/users\/1"}],"replies":[{"embeddable":true,"href":"https:\/\/zublick.com\/pt-pt\/wp-json\/wp\/v2\/comments?post=872"}],"version-history":[{"count":1,"href":"https:\/\/zublick.com\/pt-pt\/wp-json\/wp\/v2\/pages\/872\/revisions"}],"predecessor-version":[{"id":874,"href":"https:\/\/zublick.com\/pt-pt\/wp-json\/wp\/v2\/pages\/872\/revisions\/874"}],"wp:attachment":[{"href":"https:\/\/zublick.com\/pt-pt\/wp-json\/wp\/v2\/media?parent=872"}],"curies":[{"name":"wp","href":"https:\/\/api.w.org\/{rel}","templated":true}]}}