{"id":884,"date":"2024-05-07T00:14:58","date_gmt":"2024-05-06T21:14:58","guid":{"rendered":"https:\/\/zublick.com\/nuestros-socios\/"},"modified":"2024-06-09T17:37:21","modified_gmt":"2024-06-09T14:37:21","slug":"nuestros-socios","status":"publish","type":"page","link":"https:\/\/zublick.com\/es\/nuestros-socios\/","title":{"rendered":"Nuestros socios"},"content":{"rendered":"\n<figure class=\"wp-block-table has-small-font-size\"><table><tbody><tr><td rowspan=\"2\"><img loading=\"lazy\" decoding=\"async\" width=\"150\" height=\"150\" class=\"wp-image-286\" style=\"width: 150px;\" src=\"https:\/\/zublick.com\/wp-content\/uploads\/2024\/05\/one.png\" alt=\"\"><\/td><td><strong>ELEMENTO UNO<\/strong><\/td><\/tr><tr><td><br><br>La empresa alemana ELEMENT ONE es un fabricante de monitores motorizados. No se renuncia a ning\u00fan aspecto en cuanto a calidad de los materiales utilizados, con un alto nivel de ejecuci\u00f3n tecnol\u00f3gica e innovaci\u00f3n. Todo ello, combinado con una excelente est\u00e9tica, lleva la compa\u00f1\u00eda a la cabeza del mercado.<br>Nos enorgullecemos de ser pioneros en tecnolog\u00eda de las salas de conferencias hoy en d\u00eda.<br>Recientemente, se han producido enormes saltos en el desarrollo de las tecnolog\u00edas de monitores y equipos audiovisuales en el mercado. Esto supone un reto para fabricantes, ingenieros y dise\u00f1adores. La gama de monitores motorizados de ELEMENT ONE es actualizada constantemente con nuevos productos que satisfacen las necesidades de los principales clientes del mercado.<br>Nuestros clientes conf\u00edan en nuestras soluciones tecnol\u00f3gicas y llevar a cabo sus reuniones, conferencias, vistas judiciales, debates parlamentarios y sesiones de congresos de la forma m\u00e1s eficaz.<br>www.elementonescreens.com<br><\/td><\/tr><\/tbody><\/table><\/figure>\n\n\n\n<figure class=\"wp-block-table has-small-font-size\"><table><tbody><tr><td rowspan=\"2\"><img loading=\"lazy\" decoding=\"async\" width=\"150\" height=\"67\" class=\"wp-image-287\" style=\"width: 150px;\" src=\"https:\/\/zublick.com\/wp-content\/uploads\/2024\/05\/fa.png\" alt=\"\"><\/td><td><strong>AUTOMATIZACI\u00d3N FUTURA<\/strong><\/td><\/tr><tr><td><br>La empresa inglesa Future Automation es conocida como fabricante de elevadores y soportes de televisor exclusivos desde 1998.<br>Los elevadores de TV se utilizan ampliamente en espacios residenciales y comerciales, as\u00ed como en hoteles.<br>Una gama especial de elevadores y soportes resistentes a los elementos permite instalarlos en yates y barcos o en espacios exteriores.<br>Future Automation es una empresa l\u00edder en dise\u00f1o mec\u00e1nico e ingenier\u00eda, reconocida por sus productos de la m\u00e1s alta calidad en todos los \u00e1mbitos de la producci\u00f3n, as\u00ed como por su estilo elegante y esencialmente ingl\u00e9s de soluciones t\u00e9cnicas.<br>El principal objetivo de la empresa es proporcionar a los integradores tecnol\u00f3gicos soluciones para el movimiento y enmascaramiento de televisores, proyectores, electrodom\u00e9sticos y equipos similares, tanto con fines funcionales como est\u00e9ticos.<br>www.futureautomation.co.uk<br><\/td><\/tr><\/tbody><\/table><\/figure>\n","protected":false},"excerpt":{"rendered":"<p>ELEMENTO UNO La empresa alemana ELEMENT ONE es un fabricante de monitores motorizados. No se renuncia a ning\u00fan aspecto en cuanto a calidad de los materiales utilizados, con un alto nivel de ejecuci\u00f3n tecnol\u00f3gica e innovaci\u00f3n. Todo ello, combinado con una excelente est\u00e9tica, lleva la compa\u00f1\u00eda a la cabeza del mercado.Nos enorgullecemos de ser pioneros [&hellip;]<\/p>\n","protected":false},"author":1,"featured_media":0,"parent":0,"menu_order":0,"comment_status":"closed","ping_status":"closed","template":"page-simple.php","meta":{"_acf_changed":false,"inline_featured_image":false,"footnotes":""},"class_list":["post-884","page","type-page","status-publish","hentry"],"acf":[],"yoast_head":"<!-- This site is optimized with the Yoast SEO plugin v23.9 - https:\/\/yoast.com\/wordpress\/plugins\/seo\/ -->\n<title>Nuestros socios - Zublick<\/title>\n<meta name=\"robots\" content=\"index, follow, max-snippet:-1, max-image-preview:large, max-video-preview:-1\" \/>\n<link rel=\"canonical\" href=\"https:\/\/zublick.com\/es\/nuestros-socios\/\" \/>\n<meta property=\"og:locale\" content=\"es_ES\" \/>\n<meta property=\"og:type\" content=\"article\" \/>\n<meta property=\"og:title\" content=\"Nuestros socios - Zublick\" \/>\n<meta property=\"og:description\" content=\"ELEMENTO UNO La empresa alemana ELEMENT ONE es un fabricante de monitores motorizados. No se renuncia a ning\u00fan aspecto en cuanto a calidad de los materiales utilizados, con un alto nivel de ejecuci\u00f3n tecnol\u00f3gica e innovaci\u00f3n. Todo ello, combinado con una excelente est\u00e9tica, lleva la compa\u00f1\u00eda a la cabeza del mercado.Nos enorgullecemos de ser pioneros [&hellip;]\" \/>\n<meta property=\"og:url\" content=\"https:\/\/zublick.com\/es\/nuestros-socios\/\" \/>\n<meta property=\"og:site_name\" content=\"Zublick\" \/>\n<meta property=\"article:modified_time\" content=\"2024-06-09T14:37:21+00:00\" \/>\n<meta property=\"og:image\" content=\"https:\/\/zublick.com\/wp-content\/uploads\/2024\/05\/one.png\" \/>\n<meta name=\"twitter:card\" content=\"summary_large_image\" \/>\n<meta name=\"twitter:label1\" content=\"Tiempo de lectura\" \/>\n\t<meta name=\"twitter:data1\" content=\"2 minutos\" \/>\n<script type=\"application\/ld+json\" class=\"yoast-schema-graph\">{\"@context\":\"https:\/\/schema.org\",\"@graph\":[{\"@type\":\"WebPage\",\"@id\":\"https:\/\/zublick.com\/es\/nuestros-socios\/\",\"url\":\"https:\/\/zublick.com\/es\/nuestros-socios\/\",\"name\":\"Nuestros socios - Zublick\",\"isPartOf\":{\"@id\":\"https:\/\/zublick.com\/es\/#website\"},\"primaryImageOfPage\":{\"@id\":\"https:\/\/zublick.com\/es\/nuestros-socios\/#primaryimage\"},\"image\":{\"@id\":\"https:\/\/zublick.com\/es\/nuestros-socios\/#primaryimage\"},\"thumbnailUrl\":\"https:\/\/zublick.com\/wp-content\/uploads\/2024\/05\/one.png\",\"datePublished\":\"2024-05-06T21:14:58+00:00\",\"dateModified\":\"2024-06-09T14:37:21+00:00\",\"breadcrumb\":{\"@id\":\"https:\/\/zublick.com\/es\/nuestros-socios\/#breadcrumb\"},\"inLanguage\":\"es\",\"potentialAction\":[{\"@type\":\"ReadAction\",\"target\":[\"https:\/\/zublick.com\/es\/nuestros-socios\/\"]}]},{\"@type\":\"ImageObject\",\"inLanguage\":\"es\",\"@id\":\"https:\/\/zublick.com\/es\/nuestros-socios\/#primaryimage\",\"url\":\"https:\/\/zublick.com\/wp-content\/uploads\/2024\/05\/one.png\",\"contentUrl\":\"https:\/\/zublick.com\/wp-content\/uploads\/2024\/05\/one.png\"},{\"@type\":\"BreadcrumbList\",\"@id\":\"https:\/\/zublick.com\/es\/nuestros-socios\/#breadcrumb\",\"itemListElement\":[{\"@type\":\"ListItem\",\"position\":1,\"name\":\"Home\",\"item\":\"https:\/\/zublick.com\/es\/\"},{\"@type\":\"ListItem\",\"position\":2,\"name\":\"Nuestros socios\"}]},{\"@type\":\"WebSite\",\"@id\":\"https:\/\/zublick.com\/es\/#website\",\"url\":\"https:\/\/zublick.com\/es\/\",\"name\":\"Zublick\",\"description\":\"\",\"potentialAction\":[{\"@type\":\"SearchAction\",\"target\":{\"@type\":\"EntryPoint\",\"urlTemplate\":\"https:\/\/zublick.com\/es\/?s={search_term_string}\"},\"query-input\":{\"@type\":\"PropertyValueSpecification\",\"valueRequired\":true,\"valueName\":\"search_term_string\"}}],\"inLanguage\":\"es\"}]}<\/script>\n<!-- \/ Yoast SEO plugin. -->","yoast_head_json":{"title":"Nuestros socios - Zublick","robots":{"index":"index","follow":"follow","max-snippet":"max-snippet:-1","max-image-preview":"max-image-preview:large","max-video-preview":"max-video-preview:-1"},"canonical":"https:\/\/zublick.com\/es\/nuestros-socios\/","og_locale":"es_ES","og_type":"article","og_title":"Nuestros socios - Zublick","og_description":"ELEMENTO UNO La empresa alemana ELEMENT ONE es un fabricante de monitores motorizados. No se renuncia a ning\u00fan aspecto en cuanto a calidad de los materiales utilizados, con un alto nivel de ejecuci\u00f3n tecnol\u00f3gica e innovaci\u00f3n. Todo ello, combinado con una excelente est\u00e9tica, lleva la compa\u00f1\u00eda a la cabeza del mercado.Nos enorgullecemos de ser pioneros [&hellip;]","og_url":"https:\/\/zublick.com\/es\/nuestros-socios\/","og_site_name":"Zublick","article_modified_time":"2024-06-09T14:37:21+00:00","og_image":[{"url":"https:\/\/zublick.com\/wp-content\/uploads\/2024\/05\/one.png"}],"twitter_card":"summary_large_image","twitter_misc":{"Tiempo de lectura":"2 minutos"},"schema":{"@context":"https:\/\/schema.org","@graph":[{"@type":"WebPage","@id":"https:\/\/zublick.com\/es\/nuestros-socios\/","url":"https:\/\/zublick.com\/es\/nuestros-socios\/","name":"Nuestros socios - Zublick","isPartOf":{"@id":"https:\/\/zublick.com\/es\/#website"},"primaryImageOfPage":{"@id":"https:\/\/zublick.com\/es\/nuestros-socios\/#primaryimage"},"image":{"@id":"https:\/\/zublick.com\/es\/nuestros-socios\/#primaryimage"},"thumbnailUrl":"https:\/\/zublick.com\/wp-content\/uploads\/2024\/05\/one.png","datePublished":"2024-05-06T21:14:58+00:00","dateModified":"2024-06-09T14:37:21+00:00","breadcrumb":{"@id":"https:\/\/zublick.com\/es\/nuestros-socios\/#breadcrumb"},"inLanguage":"es","potentialAction":[{"@type":"ReadAction","target":["https:\/\/zublick.com\/es\/nuestros-socios\/"]}]},{"@type":"ImageObject","inLanguage":"es","@id":"https:\/\/zublick.com\/es\/nuestros-socios\/#primaryimage","url":"https:\/\/zublick.com\/wp-content\/uploads\/2024\/05\/one.png","contentUrl":"https:\/\/zublick.com\/wp-content\/uploads\/2024\/05\/one.png"},{"@type":"BreadcrumbList","@id":"https:\/\/zublick.com\/es\/nuestros-socios\/#breadcrumb","itemListElement":[{"@type":"ListItem","position":1,"name":"Home","item":"https:\/\/zublick.com\/es\/"},{"@type":"ListItem","position":2,"name":"Nuestros socios"}]},{"@type":"WebSite","@id":"https:\/\/zublick.com\/es\/#website","url":"https:\/\/zublick.com\/es\/","name":"Zublick","description":"","potentialAction":[{"@type":"SearchAction","target":{"@type":"EntryPoint","urlTemplate":"https:\/\/zublick.com\/es\/?s={search_term_string}"},"query-input":{"@type":"PropertyValueSpecification","valueRequired":true,"valueName":"search_term_string"}}],"inLanguage":"es"}]}},"_links":{"self":[{"href":"https:\/\/zublick.com\/es\/wp-json\/wp\/v2\/pages\/884","targetHints":{"allow":["GET"]}}],"collection":[{"href":"https:\/\/zublick.com\/es\/wp-json\/wp\/v2\/pages"}],"about":[{"href":"https:\/\/zublick.com\/es\/wp-json\/wp\/v2\/types\/page"}],"author":[{"embeddable":true,"href":"https:\/\/zublick.com\/es\/wp-json\/wp\/v2\/users\/1"}],"replies":[{"embeddable":true,"href":"https:\/\/zublick.com\/es\/wp-json\/wp\/v2\/comments?post=884"}],"version-history":[{"count":4,"href":"https:\/\/zublick.com\/es\/wp-json\/wp\/v2\/pages\/884\/revisions"}],"predecessor-version":[{"id":1088,"href":"https:\/\/zublick.com\/es\/wp-json\/wp\/v2\/pages\/884\/revisions\/1088"}],"wp:attachment":[{"href":"https:\/\/zublick.com\/es\/wp-json\/wp\/v2\/media?parent=884"}],"curies":[{"name":"wp","href":"https:\/\/api.w.org\/{rel}","templated":true}]}}