{"id":878,"date":"2024-04-24T17:34:13","date_gmt":"2024-04-24T14:34:13","guid":{"rendered":"https:\/\/zublick.com\/politica-de-privacidad\/"},"modified":"2025-04-07T17:15:15","modified_gmt":"2025-04-07T14:15:15","slug":"politica-de-privacidad","status":"publish","type":"page","link":"https:\/\/zublick.com\/es\/politica-de-privacidad\/","title":{"rendered":"Pol\u00edtica de privacidad"},"content":{"rendered":"\n<p>Esta Pol\u00edtica de privacidad describe c\u00f3mo se recopila, utiliza y comparte su informaci\u00f3n personal cuando visita o hace una compra en <a href=\"https:\/\/zublick.com\/ \">https:\/\/zublick.com\/ <\/a>(en adelante, el \u201cSitio\u201d).<\/p>\n\n\n\n<p>Cuando visita el Sitio, recopilamos autom\u00e1ticamente cierta informaci\u00f3n sobre su dispositivo, incluida informaci\u00f3n sobre su navegador web, direcci\u00f3n IP, zona horaria y algunas de las cookies instaladas en su dispositivo. Mientras navega, tambi\u00e9n recopilamos informaci\u00f3n sobre las p\u00e1ginas que ve, los productos visitados, los t\u00e9rminos de b\u00fasqueda que lo remitieron al Sitio y c\u00f3mo interact\u00faa con \u00e9l. A esto lo denominamos \u201cInformaci\u00f3n del dispositivo\u201d.<\/p>\n\n\n\n<p>Recopilamos esta informaci\u00f3n mediante el uso de las siguientes tecnolog\u00edas:<\/p>\n\n\n\n<p>Cookies: utilizamos cookies para reconocer su navegador, rastrear su interacci\u00f3n con el Sitio y mejorar su experiencia de usuario. Algunas de las cookies que pueden instalarse incluyen identificadores de sesi\u00f3n, contadores de visitas, almacenamiento del carrito de compra, y otras que permiten funcionalidades b\u00e1sicas del Sitio.<\/p>\n\n\n\n<p>Tambi\u00e9n utilizamos archivos de registro, balizas web, etiquetas y p\u00edxeles. Estos archivos electr\u00f3nicos registran informaci\u00f3n sobre c\u00f3mo usted navega por el Sitio, incluyendo su direcci\u00f3n IP, tipo de navegador, proveedor de servicios de Internet, p\u00e1ginas de referencia y salida, y marcas de fecha y hora.<\/p>\n\n\n\n<p>Cuando realiza una compra o intenta hacerlo a trav\u00e9s del Sitio, recopilamos informaci\u00f3n como su nombre, direcci\u00f3n de facturaci\u00f3n y env\u00edo, direcci\u00f3n de correo electr\u00f3nico, n\u00famero de tel\u00e9fono e informaci\u00f3n relacionada con el pago. En el caso de pagos mediante transferencia bancaria, recopilamos \u00fanicamente los datos necesarios para procesar el pago (como el nombre del titular, el nombre de la empresa, el concepto de pago y otros datos necesarios), pero no almacenamos directamente datos sensibles como el n\u00famero de cuenta bancaria o el IBAN. Estos datos se facilitar\u00e1n directamente al cliente tras confirmar el pedido y no se recogen ni almacenan a trav\u00e9s del Sitio.<\/p>\n\n\n\n<p>Usamos la Informaci\u00f3n del pedido que recopilamos para procesar los pedidos realizados a trav\u00e9s del Sitio, incluida la gesti\u00f3n de pagos, el env\u00edo y la entrega de confirmaciones. Tambi\u00e9n utilizamos esta informaci\u00f3n para comunicarnos con usted, detectar posibles fraudes o riesgos y, cuando corresponda seg\u00fan sus preferencias, enviarle informaci\u00f3n o publicidad relacionada con nuestros productos o servicios.<\/p>\n\n\n\n<p>Utilizamos la Informaci\u00f3n del dispositivo que recopilamos para ayudarnos a detectar riesgos potenciales, en particular de fraude, y para mejorar y optimizar el Sitio, por ejemplo, mediante an\u00e1lisis del comportamiento de navegaci\u00f3n, generaci\u00f3n de estad\u00edsticas internas y evaluaci\u00f3n de la efectividad de nuestras campa\u00f1as de marketing.<\/p>\n\n\n\n<p>Compartimos su informaci\u00f3n personal con terceros que nos ayudan a operar el Sitio y prestar nuestros servicios, siempre bajo las condiciones legales pertinentes.<\/p>\n\n\n\n<p>Utilizamos Google Analytics y Google Ads para analizar el comportamiento de los usuarios y ofrecer publicidad dirigida. Puede obtener m\u00e1s informaci\u00f3n sobre c\u00f3mo Google utiliza su informaci\u00f3n personal en <a href=\"https:\/\/policies.google.com\/privacy\">https:\/\/policies.google.com\/privacy<\/a> y puede darse de baja en <a href=\"https:\/\/tools.google.com\/dlpage\/gaoptout\">https:\/\/tools.google.com\/dlpage\/gaoptout<\/a>.<\/p>\n\n\n\n<p>Tambi\u00e9n utilizamos Meta\/Facebook Pixel para medir la eficacia de nuestras campa\u00f1as en redes sociales y mostrarle anuncios personalizados. M\u00e1s informaci\u00f3n en <a href=\"https:\/\/www.facebook.com\/privacy\/policy\">https:\/\/www.facebook.com\/privacy\/policy<\/a>. Puede ajustar sus preferencias publicitarias en Facebook en <a href=\"https:\/\/www.facebook.com\/settings\/?tab=ads\">https:\/\/www.facebook.com\/settings\/?tab=ads<\/a>.<\/p>\n\n\n\n<p>Asimismo, puede optar por no recibir publicidad basada en intereses a trav\u00e9s del portal de exclusi\u00f3n voluntaria de la Digital Advertising Alliance: <a href=\"http:\/\/optout.aboutads.info\/\">http:\/\/optout.aboutads.info\/<\/a>.<\/p>\n\n\n\n<p>No modificamos nuestras pr\u00e1cticas de recopilaci\u00f3n ni uso de datos cuando recibimos se\u00f1ales de \u201cNo rastrear\u201d desde su navegador.<\/p>\n\n\n\n<p>Si usted reside en Europa, tiene derecho a acceder a sus datos personales, solicitar su rectificaci\u00f3n, eliminaci\u00f3n o limitaci\u00f3n del tratamiento, oponerse al tratamiento y solicitar la portabilidad de sus datos. Puede ejercer estos derechos contact\u00e1ndonos en info@zublick.com. Tambi\u00e9n puede presentar una reclamaci\u00f3n ante la Agencia Espa\u00f1ola de Protecci\u00f3n de Datos (<a href=\"http:\/\/www.aepd.es\">www.aepd.es<\/a>) si considera que se han vulnerado sus derechos.<\/p>\n\n\n\n<p>Mantendremos su informaci\u00f3n de pedido en nuestros registros a menos que y hasta que usted nos solicite su eliminaci\u00f3n.<\/p>\n\n\n\n<p>El Sitio no est\u00e1 destinado a menores de edad, aunque no se establecen restricciones de edad espec\u00edficas.<\/p>\n\n\n\n<p>Esta pol\u00edtica de privacidad puede actualizarse ocasionalmente para reflejar cambios en nuestras pr\u00e1cticas, cambios normativos u otros motivos legales u operativos.<\/p>\n\n\n\n<p>Para obtener m\u00e1s informaci\u00f3n sobre nuestras pr\u00e1cticas de privacidad, o si tiene preguntas o desea presentar una queja, puede contactarnos por correo electr\u00f3nico a info@zublick.com o por correo postal en:<\/p>\n\n\n\n<p>Zublick, S.L.U<br>CIF: B56460868<br>Calle Mart\u00ed, num. 97, planta 3, puerta 1, 08024, Barcelona, Espa\u00f1a<br>Tel\u00e9fono: +34 930 474 311<br>Sitio web: <a href=\"https:\/\/zublick.com\">https:\/\/zublick.com<\/a><\/p>\n","protected":false},"excerpt":{"rendered":"<p>Esta Pol\u00edtica de privacidad describe c\u00f3mo se recopila, utiliza y comparte su informaci\u00f3n personal cuando visita o hace una compra en https:\/\/zublick.com\/ (en adelante, el \u201cSitio\u201d). Cuando visita el Sitio, recopilamos autom\u00e1ticamente cierta informaci\u00f3n sobre su dispositivo, incluida informaci\u00f3n sobre su navegador web, direcci\u00f3n IP, zona horaria y algunas de las cookies instaladas en su [&hellip;]<\/p>\n","protected":false},"author":1,"featured_media":0,"parent":0,"menu_order":0,"comment_status":"closed","ping_status":"closed","template":"page-simple.php","meta":{"_acf_changed":false,"inline_featured_image":false,"footnotes":""},"class_list":["post-878","page","type-page","status-publish","hentry"],"acf":[],"yoast_head":"<!-- This site is optimized with the Yoast SEO plugin v23.9 - https:\/\/yoast.com\/wordpress\/plugins\/seo\/ -->\n<title>Pol\u00edtica de privacidad - Zublick<\/title>\n<meta name=\"robots\" content=\"index, follow, max-snippet:-1, max-image-preview:large, max-video-preview:-1\" \/>\n<link rel=\"canonical\" href=\"https:\/\/zublick.com\/es\/politica-de-privacidad\/\" \/>\n<meta property=\"og:locale\" content=\"es_ES\" \/>\n<meta property=\"og:type\" content=\"article\" \/>\n<meta property=\"og:title\" content=\"Pol\u00edtica de privacidad - Zublick\" \/>\n<meta property=\"og:description\" content=\"Esta Pol\u00edtica de privacidad describe c\u00f3mo se recopila, utiliza y comparte su informaci\u00f3n personal cuando visita o hace una compra en https:\/\/zublick.com\/ (en adelante, el \u201cSitio\u201d). Cuando visita el Sitio, recopilamos autom\u00e1ticamente cierta informaci\u00f3n sobre su dispositivo, incluida informaci\u00f3n sobre su navegador web, direcci\u00f3n IP, zona horaria y algunas de las cookies instaladas en su [&hellip;]\" \/>\n<meta property=\"og:url\" content=\"https:\/\/zublick.com\/es\/politica-de-privacidad\/\" \/>\n<meta property=\"og:site_name\" content=\"Zublick\" \/>\n<meta property=\"article:modified_time\" content=\"2025-04-07T14:15:15+00:00\" \/>\n<meta name=\"twitter:card\" content=\"summary_large_image\" \/>\n<meta name=\"twitter:label1\" content=\"Tiempo de lectura\" \/>\n\t<meta name=\"twitter:data1\" content=\"4 minutos\" \/>\n<script type=\"application\/ld+json\" class=\"yoast-schema-graph\">{\"@context\":\"https:\/\/schema.org\",\"@graph\":[{\"@type\":\"WebPage\",\"@id\":\"https:\/\/zublick.com\/es\/politica-de-privacidad\/\",\"url\":\"https:\/\/zublick.com\/es\/politica-de-privacidad\/\",\"name\":\"Pol\u00edtica de privacidad - Zublick\",\"isPartOf\":{\"@id\":\"https:\/\/zublick.com\/es\/#website\"},\"datePublished\":\"2024-04-24T14:34:13+00:00\",\"dateModified\":\"2025-04-07T14:15:15+00:00\",\"breadcrumb\":{\"@id\":\"https:\/\/zublick.com\/es\/politica-de-privacidad\/#breadcrumb\"},\"inLanguage\":\"es\",\"potentialAction\":[{\"@type\":\"ReadAction\",\"target\":[\"https:\/\/zublick.com\/es\/politica-de-privacidad\/\"]}]},{\"@type\":\"BreadcrumbList\",\"@id\":\"https:\/\/zublick.com\/es\/politica-de-privacidad\/#breadcrumb\",\"itemListElement\":[{\"@type\":\"ListItem\",\"position\":1,\"name\":\"Home\",\"item\":\"https:\/\/zublick.com\/es\/\"},{\"@type\":\"ListItem\",\"position\":2,\"name\":\"Pol\u00edtica de privacidad\"}]},{\"@type\":\"WebSite\",\"@id\":\"https:\/\/zublick.com\/es\/#website\",\"url\":\"https:\/\/zublick.com\/es\/\",\"name\":\"Zublick\",\"description\":\"\",\"potentialAction\":[{\"@type\":\"SearchAction\",\"target\":{\"@type\":\"EntryPoint\",\"urlTemplate\":\"https:\/\/zublick.com\/es\/?s={search_term_string}\"},\"query-input\":{\"@type\":\"PropertyValueSpecification\",\"valueRequired\":true,\"valueName\":\"search_term_string\"}}],\"inLanguage\":\"es\"}]}<\/script>\n<!-- \/ Yoast SEO plugin. -->","yoast_head_json":{"title":"Pol\u00edtica de privacidad - Zublick","robots":{"index":"index","follow":"follow","max-snippet":"max-snippet:-1","max-image-preview":"max-image-preview:large","max-video-preview":"max-video-preview:-1"},"canonical":"https:\/\/zublick.com\/es\/politica-de-privacidad\/","og_locale":"es_ES","og_type":"article","og_title":"Pol\u00edtica de privacidad - Zublick","og_description":"Esta Pol\u00edtica de privacidad describe c\u00f3mo se recopila, utiliza y comparte su informaci\u00f3n personal cuando visita o hace una compra en https:\/\/zublick.com\/ (en adelante, el \u201cSitio\u201d). Cuando visita el Sitio, recopilamos autom\u00e1ticamente cierta informaci\u00f3n sobre su dispositivo, incluida informaci\u00f3n sobre su navegador web, direcci\u00f3n IP, zona horaria y algunas de las cookies instaladas en su [&hellip;]","og_url":"https:\/\/zublick.com\/es\/politica-de-privacidad\/","og_site_name":"Zublick","article_modified_time":"2025-04-07T14:15:15+00:00","twitter_card":"summary_large_image","twitter_misc":{"Tiempo de lectura":"4 minutos"},"schema":{"@context":"https:\/\/schema.org","@graph":[{"@type":"WebPage","@id":"https:\/\/zublick.com\/es\/politica-de-privacidad\/","url":"https:\/\/zublick.com\/es\/politica-de-privacidad\/","name":"Pol\u00edtica de privacidad - Zublick","isPartOf":{"@id":"https:\/\/zublick.com\/es\/#website"},"datePublished":"2024-04-24T14:34:13+00:00","dateModified":"2025-04-07T14:15:15+00:00","breadcrumb":{"@id":"https:\/\/zublick.com\/es\/politica-de-privacidad\/#breadcrumb"},"inLanguage":"es","potentialAction":[{"@type":"ReadAction","target":["https:\/\/zublick.com\/es\/politica-de-privacidad\/"]}]},{"@type":"BreadcrumbList","@id":"https:\/\/zublick.com\/es\/politica-de-privacidad\/#breadcrumb","itemListElement":[{"@type":"ListItem","position":1,"name":"Home","item":"https:\/\/zublick.com\/es\/"},{"@type":"ListItem","position":2,"name":"Pol\u00edtica de privacidad"}]},{"@type":"WebSite","@id":"https:\/\/zublick.com\/es\/#website","url":"https:\/\/zublick.com\/es\/","name":"Zublick","description":"","potentialAction":[{"@type":"SearchAction","target":{"@type":"EntryPoint","urlTemplate":"https:\/\/zublick.com\/es\/?s={search_term_string}"},"query-input":{"@type":"PropertyValueSpecification","valueRequired":true,"valueName":"search_term_string"}}],"inLanguage":"es"}]}},"_links":{"self":[{"href":"https:\/\/zublick.com\/es\/wp-json\/wp\/v2\/pages\/878","targetHints":{"allow":["GET"]}}],"collection":[{"href":"https:\/\/zublick.com\/es\/wp-json\/wp\/v2\/pages"}],"about":[{"href":"https:\/\/zublick.com\/es\/wp-json\/wp\/v2\/types\/page"}],"author":[{"embeddable":true,"href":"https:\/\/zublick.com\/es\/wp-json\/wp\/v2\/users\/1"}],"replies":[{"embeddable":true,"href":"https:\/\/zublick.com\/es\/wp-json\/wp\/v2\/comments?post=878"}],"version-history":[{"count":4,"href":"https:\/\/zublick.com\/es\/wp-json\/wp\/v2\/pages\/878\/revisions"}],"predecessor-version":[{"id":2181,"href":"https:\/\/zublick.com\/es\/wp-json\/wp\/v2\/pages\/878\/revisions\/2181"}],"wp:attachment":[{"href":"https:\/\/zublick.com\/es\/wp-json\/wp\/v2\/media?parent=878"}],"curies":[{"name":"wp","href":"https:\/\/api.w.org\/{rel}","templated":true}]}}