{"id":869,"date":"2024-05-07T00:12:16","date_gmt":"2024-05-06T21:12:16","guid":{"rendered":"https:\/\/zublick.com\/a-los-disenadores\/"},"modified":"2024-06-09T17:36:22","modified_gmt":"2024-06-09T14:36:22","slug":"a-los-disenadores","status":"publish","type":"page","link":"https:\/\/zublick.com\/es\/a-los-disenadores\/","title":{"rendered":"A dise\u00f1adores"},"content":{"rendered":"\n<p>Le proporcionaremos toda la informaci\u00f3n necesaria y nos coordinamos con los fabricantes para los detalles de la futura instalaci\u00f3n. A nuestros socios habituales les ofrecemos condiciones de colaboraci\u00f3n especialmente ventajosas y c\u00f3modas.<\/p>\n","protected":false},"excerpt":{"rendered":"<p>Le proporcionaremos toda la informaci\u00f3n necesaria y nos coordinamos con los fabricantes para los detalles de la futura instalaci\u00f3n. A nuestros socios habituales les ofrecemos condiciones de colaboraci\u00f3n especialmente ventajosas y c\u00f3modas.<\/p>\n","protected":false},"author":1,"featured_media":0,"parent":0,"menu_order":0,"comment_status":"closed","ping_status":"closed","template":"page-simple.php","meta":{"_acf_changed":false,"inline_featured_image":false,"footnotes":""},"class_list":["post-869","page","type-page","status-publish","hentry"],"acf":[],"yoast_head":"<!-- This site is optimized with the Yoast SEO plugin v23.9 - https:\/\/yoast.com\/wordpress\/plugins\/seo\/ -->\n<title>A dise\u00f1adores - Zublick<\/title>\n<meta name=\"robots\" content=\"index, follow, max-snippet:-1, max-image-preview:large, max-video-preview:-1\" \/>\n<link rel=\"canonical\" href=\"https:\/\/zublick.com\/es\/a-los-disenadores\/\" \/>\n<meta property=\"og:locale\" content=\"es_ES\" \/>\n<meta property=\"og:type\" content=\"article\" \/>\n<meta property=\"og:title\" content=\"A dise\u00f1adores - Zublick\" \/>\n<meta property=\"og:description\" content=\"Le proporcionaremos toda la informaci\u00f3n necesaria y nos coordinamos con los fabricantes para los detalles de la futura instalaci\u00f3n. A nuestros socios habituales les ofrecemos condiciones de colaboraci\u00f3n especialmente ventajosas y c\u00f3modas.\" \/>\n<meta property=\"og:url\" content=\"https:\/\/zublick.com\/es\/a-los-disenadores\/\" \/>\n<meta property=\"og:site_name\" content=\"Zublick\" \/>\n<meta property=\"article:modified_time\" content=\"2024-06-09T14:36:22+00:00\" \/>\n<meta name=\"twitter:card\" content=\"summary_large_image\" \/>\n<meta name=\"twitter:label1\" content=\"Tiempo de lectura\" \/>\n\t<meta name=\"twitter:data1\" content=\"1 minuto\" \/>\n<script type=\"application\/ld+json\" class=\"yoast-schema-graph\">{\"@context\":\"https:\/\/schema.org\",\"@graph\":[{\"@type\":\"WebPage\",\"@id\":\"https:\/\/zublick.com\/es\/a-los-disenadores\/\",\"url\":\"https:\/\/zublick.com\/es\/a-los-disenadores\/\",\"name\":\"A dise\u00f1adores - Zublick\",\"isPartOf\":{\"@id\":\"https:\/\/zublick.com\/es\/#website\"},\"datePublished\":\"2024-05-06T21:12:16+00:00\",\"dateModified\":\"2024-06-09T14:36:22+00:00\",\"breadcrumb\":{\"@id\":\"https:\/\/zublick.com\/es\/a-los-disenadores\/#breadcrumb\"},\"inLanguage\":\"es\",\"potentialAction\":[{\"@type\":\"ReadAction\",\"target\":[\"https:\/\/zublick.com\/es\/a-los-disenadores\/\"]}]},{\"@type\":\"BreadcrumbList\",\"@id\":\"https:\/\/zublick.com\/es\/a-los-disenadores\/#breadcrumb\",\"itemListElement\":[{\"@type\":\"ListItem\",\"position\":1,\"name\":\"Home\",\"item\":\"https:\/\/zublick.com\/es\/\"},{\"@type\":\"ListItem\",\"position\":2,\"name\":\"A dise\u00f1adores\"}]},{\"@type\":\"WebSite\",\"@id\":\"https:\/\/zublick.com\/es\/#website\",\"url\":\"https:\/\/zublick.com\/es\/\",\"name\":\"Zublick\",\"description\":\"\",\"potentialAction\":[{\"@type\":\"SearchAction\",\"target\":{\"@type\":\"EntryPoint\",\"urlTemplate\":\"https:\/\/zublick.com\/es\/?s={search_term_string}\"},\"query-input\":{\"@type\":\"PropertyValueSpecification\",\"valueRequired\":true,\"valueName\":\"search_term_string\"}}],\"inLanguage\":\"es\"}]}<\/script>\n<!-- \/ Yoast SEO plugin. -->","yoast_head_json":{"title":"A dise\u00f1adores - Zublick","robots":{"index":"index","follow":"follow","max-snippet":"max-snippet:-1","max-image-preview":"max-image-preview:large","max-video-preview":"max-video-preview:-1"},"canonical":"https:\/\/zublick.com\/es\/a-los-disenadores\/","og_locale":"es_ES","og_type":"article","og_title":"A dise\u00f1adores - Zublick","og_description":"Le proporcionaremos toda la informaci\u00f3n necesaria y nos coordinamos con los fabricantes para los detalles de la futura instalaci\u00f3n. A nuestros socios habituales les ofrecemos condiciones de colaboraci\u00f3n especialmente ventajosas y c\u00f3modas.","og_url":"https:\/\/zublick.com\/es\/a-los-disenadores\/","og_site_name":"Zublick","article_modified_time":"2024-06-09T14:36:22+00:00","twitter_card":"summary_large_image","twitter_misc":{"Tiempo de lectura":"1 minuto"},"schema":{"@context":"https:\/\/schema.org","@graph":[{"@type":"WebPage","@id":"https:\/\/zublick.com\/es\/a-los-disenadores\/","url":"https:\/\/zublick.com\/es\/a-los-disenadores\/","name":"A dise\u00f1adores - Zublick","isPartOf":{"@id":"https:\/\/zublick.com\/es\/#website"},"datePublished":"2024-05-06T21:12:16+00:00","dateModified":"2024-06-09T14:36:22+00:00","breadcrumb":{"@id":"https:\/\/zublick.com\/es\/a-los-disenadores\/#breadcrumb"},"inLanguage":"es","potentialAction":[{"@type":"ReadAction","target":["https:\/\/zublick.com\/es\/a-los-disenadores\/"]}]},{"@type":"BreadcrumbList","@id":"https:\/\/zublick.com\/es\/a-los-disenadores\/#breadcrumb","itemListElement":[{"@type":"ListItem","position":1,"name":"Home","item":"https:\/\/zublick.com\/es\/"},{"@type":"ListItem","position":2,"name":"A dise\u00f1adores"}]},{"@type":"WebSite","@id":"https:\/\/zublick.com\/es\/#website","url":"https:\/\/zublick.com\/es\/","name":"Zublick","description":"","potentialAction":[{"@type":"SearchAction","target":{"@type":"EntryPoint","urlTemplate":"https:\/\/zublick.com\/es\/?s={search_term_string}"},"query-input":{"@type":"PropertyValueSpecification","valueRequired":true,"valueName":"search_term_string"}}],"inLanguage":"es"}]}},"_links":{"self":[{"href":"https:\/\/zublick.com\/es\/wp-json\/wp\/v2\/pages\/869","targetHints":{"allow":["GET"]}}],"collection":[{"href":"https:\/\/zublick.com\/es\/wp-json\/wp\/v2\/pages"}],"about":[{"href":"https:\/\/zublick.com\/es\/wp-json\/wp\/v2\/types\/page"}],"author":[{"embeddable":true,"href":"https:\/\/zublick.com\/es\/wp-json\/wp\/v2\/users\/1"}],"replies":[{"embeddable":true,"href":"https:\/\/zublick.com\/es\/wp-json\/wp\/v2\/comments?post=869"}],"version-history":[{"count":2,"href":"https:\/\/zublick.com\/es\/wp-json\/wp\/v2\/pages\/869\/revisions"}],"predecessor-version":[{"id":1087,"href":"https:\/\/zublick.com\/es\/wp-json\/wp\/v2\/pages\/869\/revisions\/1087"}],"wp:attachment":[{"href":"https:\/\/zublick.com\/es\/wp-json\/wp\/v2\/media?parent=869"}],"curies":[{"name":"wp","href":"https:\/\/api.w.org\/{rel}","templated":true}]}}